{"id":1194,"date":"2024-03-22T08:33:42","date_gmt":"2024-03-22T07:33:42","guid":{"rendered":"https:\/\/von7.de\/?page_id=1194"},"modified":"2026-03-12T09:28:20","modified_gmt":"2026-03-12T08:28:20","slug":"imprint","status":"publish","type":"page","link":"https:\/\/von7.de\/de\/imprint\/","title":{"rendered":"Imprint"},"content":{"rendered":"<div data-elementor-type=\"wp-page\" data-elementor-id=\"1194\" class=\"elementor elementor-1194\">\n\t\t\t\t<div class=\"elementor-element elementor-element-ab72e4b e-flex e-con-boxed e-con e-parent\" data-id=\"ab72e4b\" data-element_type=\"container\">\n\t\t\t\t\t<div class=\"e-con-inner\">\n\t\t<div class=\"elementor-element elementor-element-6de8284 e-con-full e-flex e-con e-child\" data-id=\"6de8284\" data-element_type=\"container\">\n\t\t\t\t<div class=\"elementor-element elementor-element-6d8e083 elementor-widget elementor-widget-image\" data-id=\"6d8e083\" data-element_type=\"widget\" data-widget_type=\"image.default\">\n\t\t\t\t<div class=\"elementor-widget-container\">\n\t\t\t<style>\/*! elementor - v3.22.0 - 26-06-2024 *\/\n.elementor-widget-image{text-align:center}.elementor-widget-image a{display:inline-block}.elementor-widget-image a img[src$=\".svg\"]{width:48px}.elementor-widget-image img{vertical-align:middle;display:inline-block}<\/style>\t\t\t\t\t\t\t\t\t\t<img fetchpriority=\"high\" decoding=\"async\" width=\"300\" height=\"300\" src=\"https:\/\/von7.de\/wp-content\/uploads\/2024\/03\/office-dd-1-300x300.webp\" class=\"attachment-medium size-medium wp-image-1236 not-transparent\" alt=\"\" srcset=\"https:\/\/von7.de\/wp-content\/uploads\/2024\/03\/office-dd-1-300x300.webp 300w, https:\/\/von7.de\/wp-content\/uploads\/2024\/03\/office-dd-1-150x150.webp 150w, https:\/\/von7.de\/wp-content\/uploads\/2024\/03\/office-dd-1-768x768.webp 768w, https:\/\/von7.de\/wp-content\/uploads\/2024\/03\/office-dd-1-12x12.webp 12w, https:\/\/von7.de\/wp-content\/uploads\/2024\/03\/office-dd-1-600x600.webp 600w, https:\/\/von7.de\/wp-content\/uploads\/2024\/03\/office-dd-1-jpg.webp 1024w\" sizes=\"(max-width: 300px) 100vw, 300px\" data-has-transparency=\"false\" data-dominant-color=\"84898c\" style=\"--dominant-color: #84898c\" \/>\t\t\t\t\t\t\t\t\t\t\t\t\t<\/div>\n\t\t\t\t<\/div>\n\t\t\t\t<\/div>\n\t\t<div class=\"elementor-element elementor-element-0c84779 e-con-full e-flex e-con e-child\" data-id=\"0c84779\" data-element_type=\"container\">\n\t\t<div class=\"elementor-element elementor-element-78f4623 e-flex e-con-boxed e-con e-child\" data-id=\"78f4623\" data-element_type=\"container\">\n\t\t\t\t\t<div class=\"e-con-inner\">\n\t\t\t\t<div class=\"elementor-element elementor-element-147686d elementor-widget elementor-widget-text-editor\" data-id=\"147686d\" data-element_type=\"widget\" data-widget_type=\"text-editor.default\">\n\t\t\t\t<div class=\"elementor-widget-container\">\n\t\t\t<style>\/*! elementor - v3.22.0 - 26-06-2024 *\/\n.elementor-widget-text-editor.elementor-drop-cap-view-stacked .elementor-drop-cap{background-color:#69727d;color:#fff}.elementor-widget-text-editor.elementor-drop-cap-view-framed .elementor-drop-cap{color:#69727d;border:3px solid;background-color:transparent}.elementor-widget-text-editor:not(.elementor-drop-cap-view-default) .elementor-drop-cap{margin-top:8px}.elementor-widget-text-editor:not(.elementor-drop-cap-view-default) .elementor-drop-cap-letter{width:1em;height:1em}.elementor-widget-text-editor .elementor-drop-cap{float:left;text-align:center;line-height:1;font-size:50px}.elementor-widget-text-editor .elementor-drop-cap-letter{display:inline-block}<\/style>\t\t\t\t<p><strong>IMPRESSUM<\/strong><\/p><p>Jens Fischer<br \/>project priv\u00e9e | von7<br \/>Ullersdorfer Hauptstrasse 30d<br \/>01454 Radeberg<br \/>Germany<\/p>\t\t\t\t\t\t<\/div>\n\t\t\t\t<\/div>\n\t\t\t\t\t<\/div>\n\t\t\t\t<\/div>\n\t\t<div class=\"elementor-element elementor-element-028616e e-flex e-con-boxed e-con e-child\" data-id=\"028616e\" data-element_type=\"container\">\n\t\t\t\t\t<div class=\"e-con-inner\">\n\t\t\t\t<div class=\"elementor-element elementor-element-7445eb4 elementor-widget elementor-widget-text-editor\" data-id=\"7445eb4\" data-element_type=\"widget\" data-widget_type=\"text-editor.default\">\n\t\t\t\t<div class=\"elementor-widget-container\">\n\t\t\t\t\t\t\t<p>office@von7.de<br \/>www.von7.de<\/p>\t\t\t\t\t\t<\/div>\n\t\t\t\t<\/div>\n\t\t\t\t\t<\/div>\n\t\t\t\t<\/div>\n\t\t\t\t<\/div>\n\t\t\t\t\t<\/div>\n\t\t\t\t<\/div>\n\t\t<div class=\"elementor-element elementor-element-c632e8c e-flex e-con-boxed e-con e-parent\" data-id=\"c632e8c\" data-element_type=\"container\">\n\t\t\t\t\t<div class=\"e-con-inner\">\n\t\t\t\t<div class=\"elementor-element elementor-element-dc347e0 elementor-widget elementor-widget-text-editor\" data-id=\"dc347e0\" data-element_type=\"widget\" data-widget_type=\"text-editor.default\">\n\t\t\t\t<div class=\"elementor-widget-container\">\n\t\t\t\t\t\t\t<p>Haftung f\u00fcr Inhalte<\/p><p>Gem\u00e4\u00df \u00a7 7 Abs.1 TMG sind wir als Diensteanbieter f\u00fcr die eigenen Inhalte auf diesen Seiten nach den allgemeinen Gesetzen verantwortlich. Wir legen gro\u00dfen Wert darauf, dass die von uns bereitgestellten Informationen korrekt und aktuell sind. F\u00fcr die Richtigkeit, Vollst\u00e4ndigkeit und Aktualit\u00e4t der Inhalte k\u00f6nnen wir jedoch keine Gew\u00e4hr \u00fcbernehmen. Als Diensteanbieter sind wir nicht verpflichtet, \u00fcbermittelte oder gespeicherte fremde Informationen zu \u00fcberwachen oder nach Umst\u00e4nden zu forschen, die auf eine rechtswidrige T\u00e4tigkeit hinweisen.<\/p><p>Haftung f\u00fcr Links<\/p><p>Unsere Webseite enth\u00e4lt Links zu externen Websites Dritter, deren Inhalte wir sorgf\u00e4ltig pr\u00fcfen. Dennoch k\u00f6nnen wir keine Gew\u00e4hr f\u00fcr die Richtigkeit, Vollst\u00e4ndigkeit und Aktualit\u00e4t der Inhalte externer Links \u00fcbernehmen. F\u00fcr die Inhalte der verlinkten Seiten ist stets der jeweilige Anbieter oder Betreiber der Seiten verantwortlich. Bei Bekanntwerden von Rechtsverletzungen werden wir derartige Links umgehend entfernen.<\/p><p>Copyright<\/p><p>Die durch uns erstellten Inhalte und Werke auf dieser Webseite unterliegen dem deutschen Urheberrecht. Die Vervielf\u00e4ltigung, Bearbeitung, Verbreitung und jede Art der Verwertung au\u00dferhalb der Grenzen des Urheberrechts bed\u00fcrfen unserer schriftlichen Zustimmung. Downloads und Kopien dieser Seite sind nur f\u00fcr den privaten, nicht kommerziellen Gebrauch gestattet.<\/p><p>Soweit die Inhalte auf dieser Webseite nicht von uns erstellt wurden, werden die Urheberrechte Dritter beachtet. Insbesondere werden Inhalte Dritter als solche gekennzeichnet. Sollten Sie trotzdem auf eine Urheberrechtsverletzung aufmerksam werden, bitten wir um einen entsprechenden Hinweis. Bei Bekanntwerden von Rechtsverletzungen werden wir derartige Inhalte umgehend entfernen.<\/p><p>\u00a0<\/p>\t\t\t\t\t\t<\/div>\n\t\t\t\t<\/div>\n\t\t\t\t\t<\/div>\n\t\t\t\t<\/div>\n\t\t\t\t<\/div>","protected":false},"excerpt":{"rendered":"<p>IMPRINT Jens Fischerproject priv\u00e9e | von7Ullersdorfer Hauptstrasse 30d01454 RadebergGermany office@von7.dewww.von7.de Liability for content Pursuant to Section 7 (1) TMG, we as a service provider are responsible for our own content on these pages in accordance with the general laws. We attach great importance to ensuring that the information we provide is correct and up-to-date. However, [&hellip;]<\/p>","protected":false},"author":1,"featured_media":0,"parent":0,"menu_order":0,"comment_status":"closed","ping_status":"closed","template":"","meta":{"ocean_post_layout":"","ocean_both_sidebars_style":"","ocean_both_sidebars_content_width":0,"ocean_both_sidebars_sidebars_width":0,"ocean_sidebar":"","ocean_second_sidebar":"","ocean_disable_margins":"enable","ocean_add_body_class":"","ocean_shortcode_before_top_bar":"","ocean_shortcode_after_top_bar":"","ocean_shortcode_before_header":"","ocean_shortcode_after_header":"","ocean_has_shortcode":"","ocean_shortcode_after_title":"","ocean_shortcode_before_footer_widgets":"","ocean_shortcode_after_footer_widgets":"","ocean_shortcode_before_footer_bottom":"","ocean_shortcode_after_footer_bottom":"","ocean_display_top_bar":"default","ocean_display_header":"default","ocean_header_style":"","ocean_center_header_left_menu":"","ocean_custom_header_template":"","ocean_custom_logo":0,"ocean_custom_retina_logo":0,"ocean_custom_logo_max_width":0,"ocean_custom_logo_tablet_max_width":0,"ocean_custom_logo_mobile_max_width":0,"ocean_custom_logo_max_height":0,"ocean_custom_logo_tablet_max_height":0,"ocean_custom_logo_mobile_max_height":0,"ocean_header_custom_menu":"","ocean_menu_typo_font_family":"","ocean_menu_typo_font_subset":"","ocean_menu_typo_font_size":0,"ocean_menu_typo_font_size_tablet":0,"ocean_menu_typo_font_size_mobile":0,"ocean_menu_typo_font_size_unit":"px","ocean_menu_typo_font_weight":"","ocean_menu_typo_font_weight_tablet":"","ocean_menu_typo_font_weight_mobile":"","ocean_menu_typo_transform":"","ocean_menu_typo_transform_tablet":"","ocean_menu_typo_transform_mobile":"","ocean_menu_typo_line_height":0,"ocean_menu_typo_line_height_tablet":0,"ocean_menu_typo_line_height_mobile":0,"ocean_menu_typo_line_height_unit":"","ocean_menu_typo_spacing":0,"ocean_menu_typo_spacing_tablet":0,"ocean_menu_typo_spacing_mobile":0,"ocean_menu_typo_spacing_unit":"","ocean_menu_link_color":"","ocean_menu_link_color_hover":"","ocean_menu_link_color_active":"","ocean_menu_link_background":"","ocean_menu_link_hover_background":"","ocean_menu_link_active_background":"","ocean_menu_social_links_bg":"","ocean_menu_social_hover_links_bg":"","ocean_menu_social_links_color":"","ocean_menu_social_hover_links_color":"","ocean_disable_title":"default","ocean_disable_heading":"default","ocean_post_title":"","ocean_post_subheading":"","ocean_post_title_style":"","ocean_post_title_background_color":"","ocean_post_title_background":0,"ocean_post_title_bg_image_position":"","ocean_post_title_bg_image_attachment":"","ocean_post_title_bg_image_repeat":"","ocean_post_title_bg_image_size":"","ocean_post_title_height":0,"ocean_post_title_bg_overlay":0.5,"ocean_post_title_bg_overlay_color":"","ocean_disable_breadcrumbs":"default","ocean_breadcrumbs_color":"","ocean_breadcrumbs_separator_color":"","ocean_breadcrumbs_links_color":"","ocean_breadcrumbs_links_hover_color":"","ocean_display_footer_widgets":"default","ocean_display_footer_bottom":"default","ocean_custom_footer_template":"","footnotes":""},"class_list":["post-1194","page","type-page","status-publish","hentry","entry"],"yoast_head":"<!-- This site is optimized with the Yoast SEO plugin v24.6 - https:\/\/yoast.com\/wordpress\/plugins\/seo\/ -->\n<title>Imprint - von7.de<\/title>\n<meta name=\"robots\" content=\"index, follow, max-snippet:-1, max-image-preview:large, max-video-preview:-1\" \/>\n<link rel=\"canonical\" href=\"https:\/\/von7.de\/de\/imprint\/\" \/>\n<meta property=\"og:locale\" content=\"de_DE\" \/>\n<meta property=\"og:type\" content=\"article\" \/>\n<meta property=\"og:title\" content=\"Imprint - von7.de\" \/>\n<meta property=\"og:description\" content=\"IMPRINT Jens Fischerproject priv\u00e9e | von7Ullersdorfer Hauptstrasse 30d01454 RadebergGermany office@von7.dewww.von7.de Liability for content Pursuant to Section 7 (1) TMG, we as a service provider are responsible for our own content on these pages in accordance with the general laws. We attach great importance to ensuring that the information we provide is correct and up-to-date. However, [&hellip;]\" \/>\n<meta property=\"og:url\" content=\"https:\/\/von7.de\/de\/imprint\/\" \/>\n<meta property=\"og:site_name\" content=\"von7.de\" \/>\n<meta property=\"article:modified_time\" content=\"2026-03-12T08:28:20+00:00\" \/>\n<meta property=\"og:image\" content=\"https:\/\/von7.de\/wp-content\/uploads\/2024\/03\/office-dd-1-jpg.webp\" \/>\n\t<meta property=\"og:image:width\" content=\"1024\" \/>\n\t<meta property=\"og:image:height\" content=\"1024\" \/>\n\t<meta property=\"og:image:type\" content=\"image\/jpeg\" \/>\n<meta name=\"twitter:card\" content=\"summary_large_image\" \/>\n<meta name=\"twitter:label1\" content=\"Gesch\u00e4tzte Lesezeit\" \/>\n\t<meta name=\"twitter:data1\" content=\"2\u00a0Minuten\" \/>\n<script type=\"application\/ld+json\" class=\"yoast-schema-graph\">{\"@context\":\"https:\/\/schema.org\",\"@graph\":[{\"@type\":\"WebPage\",\"@id\":\"https:\/\/von7.de\/imprint\/\",\"url\":\"https:\/\/von7.de\/imprint\/\",\"name\":\"Imprint - von7.de\",\"isPartOf\":{\"@id\":\"https:\/\/von7.de\/#website\"},\"primaryImageOfPage\":{\"@id\":\"https:\/\/von7.de\/imprint\/#primaryimage\"},\"image\":{\"@id\":\"https:\/\/von7.de\/imprint\/#primaryimage\"},\"thumbnailUrl\":\"https:\/\/von7.de\/wp-content\/uploads\/2024\/03\/office-dd-1-300x300.webp\",\"datePublished\":\"2024-03-22T07:33:42+00:00\",\"dateModified\":\"2026-03-12T08:28:20+00:00\",\"breadcrumb\":{\"@id\":\"https:\/\/von7.de\/imprint\/#breadcrumb\"},\"inLanguage\":\"de\",\"potentialAction\":[{\"@type\":\"ReadAction\",\"target\":[\"https:\/\/von7.de\/imprint\/\"]}]},{\"@type\":\"ImageObject\",\"inLanguage\":\"de\",\"@id\":\"https:\/\/von7.de\/imprint\/#primaryimage\",\"url\":\"https:\/\/von7.de\/wp-content\/uploads\/2024\/03\/office-dd-1-300x300.webp\",\"contentUrl\":\"https:\/\/von7.de\/wp-content\/uploads\/2024\/03\/office-dd-1-300x300.webp\"},{\"@type\":\"BreadcrumbList\",\"@id\":\"https:\/\/von7.de\/imprint\/#breadcrumb\",\"itemListElement\":[{\"@type\":\"ListItem\",\"position\":1,\"name\":\"Startseite\",\"item\":\"https:\/\/von7.de\/\"},{\"@type\":\"ListItem\",\"position\":2,\"name\":\"Imprint\"}]},{\"@type\":\"WebSite\",\"@id\":\"https:\/\/von7.de\/#website\",\"url\":\"https:\/\/von7.de\/\",\"name\":\"von7.de\",\"description\":\"Transforming Retail and Urban Environments\",\"publisher\":{\"@id\":\"https:\/\/von7.de\/#organization\"},\"alternateName\":\"v7\",\"potentialAction\":[{\"@type\":\"SearchAction\",\"target\":{\"@type\":\"EntryPoint\",\"urlTemplate\":\"https:\/\/von7.de\/?s={search_term_string}\"},\"query-input\":{\"@type\":\"PropertyValueSpecification\",\"valueRequired\":true,\"valueName\":\"search_term_string\"}}],\"inLanguage\":\"de\"},{\"@type\":\"Organization\",\"@id\":\"https:\/\/von7.de\/#organization\",\"name\":\"von7.de\",\"url\":\"https:\/\/von7.de\/\",\"logo\":{\"@type\":\"ImageObject\",\"inLanguage\":\"de\",\"@id\":\"https:\/\/von7.de\/#\/schema\/logo\/image\/\",\"url\":\"https:\/\/von7.de\/wp-content\/uploads\/2024\/03\/cropped-v7-fav.png\",\"contentUrl\":\"https:\/\/von7.de\/wp-content\/uploads\/2024\/03\/cropped-v7-fav.png\",\"width\":482,\"height\":512,\"caption\":\"von7.de\"},\"image\":{\"@id\":\"https:\/\/von7.de\/#\/schema\/logo\/image\/\"},\"sameAs\":[\"https:\/\/www.linkedin.com\/in\/jens-von7\/\"]}]}<\/script>\n<!-- \/ Yoast SEO plugin. -->","yoast_head_json":{"title":"Imprint - von7.de","robots":{"index":"index","follow":"follow","max-snippet":"max-snippet:-1","max-image-preview":"max-image-preview:large","max-video-preview":"max-video-preview:-1"},"canonical":"https:\/\/von7.de\/de\/imprint\/","og_locale":"de_DE","og_type":"article","og_title":"Imprint - von7.de","og_description":"IMPRINT Jens Fischerproject priv\u00e9e | von7Ullersdorfer Hauptstrasse 30d01454 RadebergGermany office@von7.dewww.von7.de Liability for content Pursuant to Section 7 (1) TMG, we as a service provider are responsible for our own content on these pages in accordance with the general laws. We attach great importance to ensuring that the information we provide is correct and up-to-date. However, [&hellip;]","og_url":"https:\/\/von7.de\/de\/imprint\/","og_site_name":"von7.de","article_modified_time":"2026-03-12T08:28:20+00:00","og_image":[{"width":1024,"height":1024,"url":"https:\/\/von7.de\/wp-content\/uploads\/2024\/03\/office-dd-1-jpg.webp","type":"image\/jpeg"}],"twitter_card":"summary_large_image","twitter_misc":{"Gesch\u00e4tzte Lesezeit":"2\u00a0Minuten"},"schema":{"@context":"https:\/\/schema.org","@graph":[{"@type":"WebPage","@id":"https:\/\/von7.de\/imprint\/","url":"https:\/\/von7.de\/imprint\/","name":"Imprint - von7.de","isPartOf":{"@id":"https:\/\/von7.de\/#website"},"primaryImageOfPage":{"@id":"https:\/\/von7.de\/imprint\/#primaryimage"},"image":{"@id":"https:\/\/von7.de\/imprint\/#primaryimage"},"thumbnailUrl":"https:\/\/von7.de\/wp-content\/uploads\/2024\/03\/office-dd-1-300x300.webp","datePublished":"2024-03-22T07:33:42+00:00","dateModified":"2026-03-12T08:28:20+00:00","breadcrumb":{"@id":"https:\/\/von7.de\/imprint\/#breadcrumb"},"inLanguage":"de","potentialAction":[{"@type":"ReadAction","target":["https:\/\/von7.de\/imprint\/"]}]},{"@type":"ImageObject","inLanguage":"de","@id":"https:\/\/von7.de\/imprint\/#primaryimage","url":"https:\/\/von7.de\/wp-content\/uploads\/2024\/03\/office-dd-1-300x300.webp","contentUrl":"https:\/\/von7.de\/wp-content\/uploads\/2024\/03\/office-dd-1-300x300.webp"},{"@type":"BreadcrumbList","@id":"https:\/\/von7.de\/imprint\/#breadcrumb","itemListElement":[{"@type":"ListItem","position":1,"name":"Startseite","item":"https:\/\/von7.de\/"},{"@type":"ListItem","position":2,"name":"Imprint"}]},{"@type":"WebSite","@id":"https:\/\/von7.de\/#website","url":"https:\/\/von7.de\/","name":"von7.de","description":"Transforming Retail and Urban Environments","publisher":{"@id":"https:\/\/von7.de\/#organization"},"alternateName":"v7","potentialAction":[{"@type":"SearchAction","target":{"@type":"EntryPoint","urlTemplate":"https:\/\/von7.de\/?s={search_term_string}"},"query-input":{"@type":"PropertyValueSpecification","valueRequired":true,"valueName":"search_term_string"}}],"inLanguage":"de"},{"@type":"Organization","@id":"https:\/\/von7.de\/#organization","name":"von7.de","url":"https:\/\/von7.de\/","logo":{"@type":"ImageObject","inLanguage":"de","@id":"https:\/\/von7.de\/#\/schema\/logo\/image\/","url":"https:\/\/von7.de\/wp-content\/uploads\/2024\/03\/cropped-v7-fav.png","contentUrl":"https:\/\/von7.de\/wp-content\/uploads\/2024\/03\/cropped-v7-fav.png","width":482,"height":512,"caption":"von7.de"},"image":{"@id":"https:\/\/von7.de\/#\/schema\/logo\/image\/"},"sameAs":["https:\/\/www.linkedin.com\/in\/jens-von7\/"]}]}},"_links":{"self":[{"href":"https:\/\/von7.de\/de\/wp-json\/wp\/v2\/pages\/1194","targetHints":{"allow":["GET"]}}],"collection":[{"href":"https:\/\/von7.de\/de\/wp-json\/wp\/v2\/pages"}],"about":[{"href":"https:\/\/von7.de\/de\/wp-json\/wp\/v2\/types\/page"}],"author":[{"embeddable":true,"href":"https:\/\/von7.de\/de\/wp-json\/wp\/v2\/users\/1"}],"replies":[{"embeddable":true,"href":"https:\/\/von7.de\/de\/wp-json\/wp\/v2\/comments?post=1194"}],"version-history":[{"count":10,"href":"https:\/\/von7.de\/de\/wp-json\/wp\/v2\/pages\/1194\/revisions"}],"predecessor-version":[{"id":1365,"href":"https:\/\/von7.de\/de\/wp-json\/wp\/v2\/pages\/1194\/revisions\/1365"}],"wp:attachment":[{"href":"https:\/\/von7.de\/de\/wp-json\/wp\/v2\/media?parent=1194"}],"curies":[{"name":"wp","href":"https:\/\/api.w.org\/{rel}","templated":true}]}}